{"id":4292,"date":"2023-07-24T12:41:38","date_gmt":"2023-07-24T10:41:38","guid":{"rendered":"https:\/\/petr-moravec.cz\/?page_id=4292"},"modified":"2026-03-11T23:48:03","modified_gmt":"2026-03-11T21:48:03","slug":"galerie","status":"publish","type":"page","link":"https:\/\/petr-moravec.cz\/de\/galerie\/","title":{"rendered":"Galerie"},"content":{"rendered":"\n<h2 class=\"wp-block-heading has-text-align-center\">Foto galerie<\/h2>\n\n\n\n<p>V\u00edtejte v m\u00e9 galerii, kde se s v\u00e1mi r\u00e1d pod\u011bl\u00edm o svou v\u00e1\u0161e\u0148 pro fotografii. Fotografuji u\u017e od ml\u00e1d\u00ed, ale teprve ned\u00e1vno jsem se rozhodl vytvo\u0159it si vlastn\u00ed online galerii, kde m\u016f\u017eete vid\u011bt m\u00e9 nejlep\u0161\u00ed sn\u00edmky z r\u016fzn\u00fdch kout\u016f \u010cesk\u00e9 republiky. M\u00e1m r\u00e1d p\u0159\u00edrodu a hory, proto se zam\u011b\u0159uji hlavn\u011b na krajin\u00e1\u0159skou fotografii. Zvl\u00e1\u0161\u0165 m\u011b fascinuje \u0160umava, jej\u00ed\u017e kr\u00e1su se sna\u017e\u00edm zachytit ve sv\u00fdch obrazech. Douf\u00e1m, \u017ee v\u00e1m m\u00e9 fotografie p\u0159ibl\u00ed\u017e\u00ed kouzlo t\u00e9to n\u00e1dhern\u00e9 oblasti a \u017ee v\u00e1s zaujmou stejn\u011b jako m\u011b. Budu r\u00e1d, kdy\u017e mi nap\u00ed\u0161ete sv\u00e9 n\u00e1zory, post\u0159ehy nebo tipy na dal\u0161\u00ed zaj\u00edmav\u00e1 m\u00edsta k fotografov\u00e1n\u00ed. D\u011bkuji za va\u0161i n\u00e1v\u0161t\u011bvu a p\u0159eji v\u00e1m p\u0159\u00edjemn\u00e9 prohl\u00ed\u017een\u00ed m\u00e9 galerie.<\/p>\n\n\n\n<div style=\"height:50px\" aria-hidden=\"true\" class=\"wp-block-spacer\"><\/div>\n\n\n\n<style id=\"bwg-style-0\">    #bwg_container1_0 #bwg_container2_0 .bwg-container-0.bwg-album-thumbnails {    width: 1204px;    justify-content: center;            justify-content: center;        margin:0 auto !important;          background-color: rgba(255, 255, 255, 0.00);          padding-left: 4px;      padding-top: 4px;      max-width: 100%;          }        #bwg_container1_0 #bwg_container2_0 .bwg-container-0.bwg-album-thumbnails .bwg-item {    justify-content: flex-start;    max-width: 600px;        }    #bwg_container1_0 #bwg_container2_0 .bwg-container-0.bwg-album-thumbnails .bwg-item a {      margin-right: 4px;      margin-bottom: 4px;    }    #bwg_container1_0 #bwg_container2_0 .bwg-container-0.bwg-album-thumbnails .bwg-item0 {      padding: px;            background-color:rgba(0,0,0, 1.00);      border: 0px none #000000;      opacity: 1.00;      border-radius: 0;      box-shadow: ;    }    #bwg_container1_0 #bwg_container2_0 .bwg-container-0.bwg-album-thumbnails .bwg-item1 img {      max-height: none;      max-width: none;      padding: 0 !important;    }          @media only screen and (min-width: 480px) {      #bwg_container1_0 #bwg_container2_0 .bwg-container-0.bwg-album-thumbnails .bwg-item1 img {      -webkit-transition: all .3s; transition: all .3s;      }      #bwg_container1_0 #bwg_container2_0 .bwg-container-0.bwg-album-thumbnails .bwg-item1 img:hover {        -ms-transform: scale(1.05);        -webkit-transform: scale(1.05);        transform: scale(1.05);      }              .bwg-album-thumbnails .bwg-zoom-effect .bwg-zoom-effect-overlay {                background-color:rgba(0,0,0, 0.3);        }        .bwg-album-thumbnails .bwg-zoom-effect:hover img {        -ms-transform: scale(1.05);        -webkit-transform: scale(1.05);        transform: scale(1.05);        }            }          #bwg_container1_0 #bwg_container2_0 .bwg-container-0.bwg-album-thumbnails .bwg-item1 {      padding-top: 56.333333333333%;    }          #bwg_container1_0 #bwg_container2_0 .bwg-container-0.bwg-album-thumbnails .bwg-title1 {        position: absolute;        top: 0;        z-index: 100;        width: 100%;        height: 100%;        display: flex;        justify-content: center;        align-content: center;        flex-direction: column;        opacity: 0;      }          #bwg_container1_0 #bwg_container2_0 .bwg-container-0.bwg-album-thumbnails .bwg-title2 {      color: #FFFFFF;      font-family: Open Sans;      font-size: 30px;      font-weight: lighter;      padding: 5px;      text-shadow: ;      max-height: 100%;    }          #bwg_container1_0 #bwg_container2_0 #bwg_mosaic_thumbnails_div_0 {        width: 100%;        position: relative;        background-color: rgba(255, 255, 255, 0.00);        text-align: center;        justify-content: center;                  margin-left: auto;          margin-right: auto;                    padding-left: 4px;          padding-top: 4px;                }          #bwg_container1_0 #bwg_container2_0 .bwg_mosaic_thumb_spun_0 {        display: block;        position: absolute;\t\t\t\tborder-radius: 0;\t\t\t\tborder: 0px none #000000;    \t\t    \t\tbackground-color:rgba(0,0,0, 1.00);        -moz-box-sizing: content-box !important;        -webkit-box-sizing: content-box !important;        box-sizing: content-box !important;      }\t\t\t#bwg_container1_0 #bwg_container2_0 .bwg_mosaic_thumb_0 {\t\t\t\tdisplay: block;\t\t\t\t-moz-box-sizing: content-box !important;\t\t\t\t-webkit-box-sizing: content-box !important;\t\t\t\tbox-sizing: content-box !important;\t\t\t\tmargin: 0;\t\t\t\topacity: 1.00;\t\t\t}      #bwg_container1_0 #bwg_container2_0 .bwg_mosaic_thumb_spun_0:hover {        opacity: 1;        backface-visibility: hidden;        -webkit-backface-visibility: hidden;        -moz-backface-visibility: hidden;        -ms-backface-visibility: hidden;        z-index: 102;      }\t     @media only screen and (min-width: 480px) {\t\t#bwg_container1_0 #bwg_container2_0 .bwg-container-0.bwg-mosaic-thumbnails .bwg-item0 img {\t\t\t-webkit-transition: -webkit-transform .3s; transition: transform .3s;\t\t}\t\t#bwg_container1_0 #bwg_container2_0 .bwg-container-0.bwg-mosaic-thumbnails .bwg-item0 img:hover {\t\t\t-ms-transform: scale(1.05);\t\t\t-webkit-transform: scale(1.05);\t\t\ttransform: scale(1.05);\t\t}\t\t      }\t      #bwg_container1_0 #bwg_container2_0 .bwg_mosaic_thumbnails_0 {        background-color: rgba(255, 255, 255, 0.00);        font-size: 0;        position: relative;        text-align: center;        display: inline-block;        visibility: hidden;              }\t  \/*image title styles*\/      #bwg_container1_0 #bwg_container2_0 .bwg_mosaic_title_spun1_0,      #bwg_container1_0 #bwg_container2_0 .bwg-mosaic-thumbnails .bwg_ecommerce_spun1_0 {        position: absolute;        display: block;        opacity: 0;        box-sizing: border-box;        text-align: center;\t\t\t\ttop: 50%;\t\t\t\tleft: 50%;\t\t\t\ttransform: translate(-50%, -50%);      }      #bwg_container1_0 #bwg_container2_0 .bwg-mosaic-thumbnails .bwg_mosaic_title_spun2_0,      #bwg_container1_0 #bwg_container2_0 .bwg-mosaic-thumbnails .bwg_ecommerce_spun2_0 {\t\t    color: #393939;        font-family: Open Sans;        font-size: 30px;        font-weight: lighter;        text-shadow: ;        vertical-align: middle;        word-wrap: break-word;      }            .bwg_mosaic_play_icon_spun_0 {        display: table;        position: absolute;        left: -10000px;        top: 0px;        opacity: 0;      }      .bwg_mosaic_play_icon_0 {        color: #393939;        font-size: 60px;        vertical-align: middle;        display: table-cell !important;        z-index: 1;        text-align: center;        margin: 0 auto;      }      #bwg_container1_0 #bwg_container2_0 .bwg_gal_title_0 {        background-color: rgba(0, 0, 0, 0);        color: #404040;        display: block;        font-family: Open Sans;        font-size: 24px;        font-weight: lighter;        padding: 20px;        text-shadow: ;        text-align: center;      }      <\/style>    <div id=\"bwg_container1_0\"         class=\"bwg_container bwg_thumbnail bwg_album_compact_preview bwg_mosaic\"         data-right-click-protection=\"1\"         data-bwg=\"0\"         data-scroll=\"0\"         data-gallery-type=\"album_compact_preview\"         data-gallery-view-type=\"mosaic\"         data-current-url=\"\/de\/wp-json\/wp\/v2\/pages\/4292\"         data-lightbox-url=\"https:\/\/petr-moravec.cz\/wp-admin\/admin-ajax.php?action=GalleryBox&#038;current_view=0&#038;gallery_id=0&#038;tag=0&#038;theme_id=2&#038;shortcode_id=192&#038;sort_by=order&#038;order_by=asc&#038;current_url=%2Fde%2Fwp-json%2Fwp%2Fv2%2Fpages%2F4292\"         data-gallery-id=\"0\"         data-popup-width=\"800\"         data-popup-height=\"500\"         data-is-album=\"album\"         data-buttons-position=\"bottom\">      <div id=\"bwg_container2_0\">             <div id=\"ajax_loading_0\" class=\"bwg_loading_div_1\">      <div class=\"bwg_loading_div_2\">        <div class=\"bwg_loading_div_3\">          <div id=\"loading_div_0\" class=\"bwg_spider_ajax_loading\">          <\/div>        <\/div>      <\/div>    <\/div>            <form id=\"gal_front_form_0\"              class=\"bwg-hidden\"              method=\"post\"              action=\"#\"              data-current=\"0\"              data-shortcode-id=\"192\"              data-gallery-type=\"album_compact_preview\"              data-gallery-id=\"0\"              data-tag=\"0\"              data-album-id=\"28\"              data-theme-id=\"2\"              data-ajax-url=\"https:\/\/petr-moravec.cz\/wp-admin\/admin-ajax.php?action=bwg_frontend_data\">          <div id=\"bwg_container3_0\" class=\"bwg-background bwg-background-0\">            <style>        #bwg_container1_0 #bwg_container2_0 .bwg_gal_title_0 {          display: block;          padding: 0 20px 20px 20px;          background-color: rgba(0, 0, 0, 0);          line-height: 20px;          font-family: Open Sans;          font-size: 24px;          font-weight: bold;          color: #393939;          text-shadow: ;          text-align: center;        }        #bwg_container1_0 #bwg_container2_0 .bwg_gal_description_0 {          margin: 20px 0;          word-break: break-word;          text-align: justify;          font-size: 21px;          font-weight: unset;        }        <\/style>        <div class=\"bwg_gal_title_0\">Galerie<\/div>            <div data-max-count=\"2\"         data-thumbnail-width=\"600\"         data-bwg=\"0\"         id=\"bwg_album_compact_0\"         class=\"bwg-thumbnails bwg-container bwg-container-0 bwg-album-thumbnails bwg_album_thumbnails_0\">              <div class=\"bwg-item\">          <a class=\"bwg-a bwg-album bwg_album_0\"             href='\/de\/wp-json\/wp\/v2\/pages\/4292?type_0=album&#038;album_gallery_id_0=24'                          data-container_id=\"bwg_album_compact_0\"             data-def_type=\"album\"             data-album_gallery_id=\"28\"             data-alb_gal_id=\"24\"             data-title=\"Hory\"             data-bwg=\"0\">                        <div class=\"bwg-item0 \">              <div class=\"bwg-item1 bwg-zoom-effect\">                <div class=\"bwg-item2\">                  <img decoding=\"async\" class=\"skip-lazy \"                       data-width=\"500.00\"                       data-height=\"333.00\"                       data-src=\"https:\/\/petr-moravec.cz\/wp-content\/uploads\/photo-gallery\/imported_from_media_libray\/thumb\/DSC1058.jpg\"                       src=\"https:\/\/petr-moravec.cz\/wp-content\/uploads\/photo-gallery\/imported_from_media_libray\/thumb\/DSC1058.jpg\"                       alt=\"Hory\"                       title=\"Hory\" \/>                <\/div>                <div class=\"bwg-zoom-effect-overlay\">                  <div class=\"bwg-title1\"><div class=\"bwg-title2\">Hory<\/div><\/div>                <\/div>              <\/div>            <\/div>                      <\/a>        <\/div>                <div class=\"bwg-item\">          <a class=\"bwg-a bwg-album bwg_album_0\"             href='\/de\/wp-json\/wp\/v2\/pages\/4292?type_0=album&#038;album_gallery_id_0=25'                          data-container_id=\"bwg_album_compact_0\"             data-def_type=\"album\"             data-album_gallery_id=\"28\"             data-alb_gal_id=\"25\"             data-title=\"Krajina\"             data-bwg=\"0\">                        <div class=\"bwg-item0 \">              <div class=\"bwg-item1 bwg-zoom-effect\">                <div class=\"bwg-item2\">                  <img decoding=\"async\" class=\"skip-lazy \"                       data-width=\"500.00\"                       data-height=\"334.00\"                       data-src=\"https:\/\/petr-moravec.cz\/wp-content\/uploads\/photo-gallery\/imported_from_media_libray\/thumb\/DSC9851.jpg\"                       src=\"https:\/\/petr-moravec.cz\/wp-content\/uploads\/photo-gallery\/imported_from_media_libray\/thumb\/DSC9851.jpg\"                       alt=\"Krajina\"                       title=\"Krajina\" \/>                <\/div>                <div class=\"bwg-zoom-effect-overlay\">                  <div class=\"bwg-title1\"><div class=\"bwg-title2\">Krajina<\/div><\/div>                <\/div>              <\/div>            <\/div>                      <\/a>        <\/div>                <div class=\"bwg-item\">          <a class=\"bwg-a bwg-album bwg_album_0\"             href='\/de\/wp-json\/wp\/v2\/pages\/4292?type_0=album&#038;album_gallery_id_0=26'                          data-container_id=\"bwg_album_compact_0\"             data-def_type=\"album\"             data-album_gallery_id=\"28\"             data-alb_gal_id=\"26\"             data-title=\"M\u011bsto\"             data-bwg=\"0\">                        <div class=\"bwg-item0 \">              <div class=\"bwg-item1 bwg-zoom-effect\">                <div class=\"bwg-item2\">                  <img decoding=\"async\" class=\"skip-lazy \"                       data-width=\"500.00\"                       data-height=\"333.00\"                       data-src=\"https:\/\/petr-moravec.cz\/wp-content\/uploads\/photo-gallery\/imported_from_media_libray\/thumb\/01.jpg\"                       src=\"https:\/\/petr-moravec.cz\/wp-content\/uploads\/photo-gallery\/imported_from_media_libray\/thumb\/01.jpg\"                       alt=\"M\u011bsto\"                       title=\"M\u011bsto\" \/>                <\/div>                <div class=\"bwg-zoom-effect-overlay\">                  <div class=\"bwg-title1\"><div class=\"bwg-title2\">M\u011bsto<\/div><\/div>                <\/div>              <\/div>            <\/div>                      <\/a>        <\/div>                <div class=\"bwg-item\">          <a class=\"bwg-a bwg-album bwg_album_0\"             href='\/de\/wp-json\/wp\/v2\/pages\/4292?type_0=album&#038;album_gallery_id_0=27'                          data-container_id=\"bwg_album_compact_0\"             data-def_type=\"album\"             data-album_gallery_id=\"28\"             data-alb_gal_id=\"27\"             data-title=\"P\u0159\u00edroda\"             data-bwg=\"0\">                        <div class=\"bwg-item0 \">              <div class=\"bwg-item1 bwg-zoom-effect\">                <div class=\"bwg-item2\">                  <img decoding=\"async\" class=\"skip-lazy \"                       data-width=\"500.00\"                       data-height=\"333.00\"                       data-src=\"https:\/\/petr-moravec.cz\/wp-content\/uploads\/photo-gallery\/imported_from_media_libray\/thumb\/DSC8661.jpg\"                       src=\"https:\/\/petr-moravec.cz\/wp-content\/uploads\/photo-gallery\/imported_from_media_libray\/thumb\/DSC8661.jpg\"                       alt=\"P\u0159\u00edroda\"                       title=\"P\u0159\u00edroda\" \/>                <\/div>                <div class=\"bwg-zoom-effect-overlay\">                  <div class=\"bwg-title1\"><div class=\"bwg-title2\">P\u0159\u00edroda<\/div><\/div>                <\/div>              <\/div>            <\/div>                      <\/a>        <\/div>            <\/div>          <input type=\"hidden\" id=\"bwg_album_breadcrumb_0\" name=\"bwg_album_breadcrumb_0\" value='[{&quot;id&quot;:&quot;28&quot;,&quot;page&quot;:1}]' \/>    <style>      \/*pagination styles*\/      #bwg_container1_0 #bwg_container2_0 .tablenav-pages_0 {\t\t\t\ttext-align: center;\t\t\t\tfont-size: 24px;\t\t\t\tfont-family: Open Sans;\t\t\t\tfont-weight: bold;\t\t\t\tcolor: #CA9B52;\t\t\t\tmargin: 6px 0 4px;\t\t\t\tdisplay: block;      }      @media only screen and (max-width : 320px) {      #bwg_container1_0 #bwg_container2_0 .displaying-num_0 {     \t display: none;      }      }      #bwg_container1_0 #bwg_container2_0 .displaying-num_0 {\t\t\t\tfont-size: 24px;\t\t\t\tfont-family: Open Sans;\t\t\t\tfont-weight: bold;\t\t\t\tcolor: #CA9B52;\t\t\t\tmargin-right: 10px;\t\t\t\tvertical-align: middle;      }      #bwg_container1_0 #bwg_container2_0 .paging-input_0 {\t\t\t\tfont-size: 24px;\t\t\t\tfont-family: Open Sans;\t\t\t\tfont-weight: bold;\t\t\t\tcolor: #CA9B52;\t\t\t\tvertical-align: middle;      }      #bwg_container1_0 #bwg_container2_0 .tablenav-pages_0 a.disabled,      #bwg_container1_0 #bwg_container2_0 .tablenav-pages_0 a.disabled:hover,      #bwg_container1_0 #bwg_container2_0 .tablenav-pages_0 a.disabled:focus,\t\t\t#bwg_container1_0 #bwg_container2_0 .tablenav-pages_0 input.bwg_current_page {\t\t\t\tcursor: default;\t\t\t\tcolor: rgba(202, 155, 82, 0.5);      }      #bwg_container1_0 #bwg_container2_0 .tablenav-pages_0 a,      #bwg_container1_0 #bwg_container2_0 .tablenav-pages_0 input.bwg_current_page {\t\t\t\tcursor: pointer;\t\t\t\ttext-align: center;\t\t\t\tfont-size: 24px;\t\t\t\tfont-family: Open Sans;\t\t\t\tfont-weight: bold;\t\t\t\tcolor: #CA9B52;\t\t\t\ttext-decoration: none;\t\t\t\tpadding: 3px 6px;\t\t\t\tmargin: 0;\t\t\t\tborder-radius: 0;\t\t\t\tborder-style: none;\t\t\t\tborder-width: 1px;\t\t\t\tborder-color: #FFFFFF;\t\t\t\t\t\t\t\tbackground-color: rgba(0, 0, 0, 0.00);\t\t\t\tbox-shadow: 0;\t\t\t\ttransition: all 0.3s ease 0s;-webkit-transition: all 0.3s ease 0s;      }      <\/style>      <span class=\"bwg_nav_cont_0\">                <script>jQuery('.bwg_nav_cont_0').remove()<\/script>              <input type=\"hidden\" id=\"page_number_0\" name=\"page_number_0\" value=\"1\" \/>      <script type=\"text\/javascript\">        if( jQuery('.bwg_nav_cont_0').length > 1 ) {          jQuery('.bwg_nav_cont_0').first().remove()        }        function spider_page_0(cur, x, y, load_more) {          if (typeof load_more == \"undefined\") {            var load_more = false;          }          if (jQuery(cur).hasClass('disabled')) {            return false;          }          var items_county_0 = 2;          switch (y) {            case 1:              if (x >= items_county_0) {                document.getElementById('page_number_0').value = items_county_0;              }              else {                document.getElementById('page_number_0').value = x + 1;              }              break;            case 2:              document.getElementById('page_number_0').value = items_county_0;              break;            case -1:              if (x == 1) {                document.getElementById('page_number_0').value = 1;              }              else {                document.getElementById('page_number_0').value = x - 1;              }              break;            case -2:              document.getElementById('page_number_0').value = 1;              break;\t\t\t\t\t\tcase 0:              document.getElementById('page_number_0').value = x;              break;            default:              document.getElementById('page_number_0').value = 1;          }          bwg_ajax('gal_front_form_0', '0', 'bwg_album_compact_0', '28', '', 'album', 0, '', '', load_more, '', 0);        }                    jQuery('.first-page-0').on('click', function () {              spider_page_0(this, 1, -2, 'numeric');              return false;            });            jQuery('.prev-page-0').on('click', function () {              spider_page_0(this, 1, -1, 'numeric');              return false;            });            jQuery('.next-page-0').on('click', function () {              spider_page_0(this, 1, 1, 'numeric');              return false;            });            jQuery('.last-page-0').on('click', function () {              spider_page_0(this, 1, 2, 'numeric');              return false;            });        \t\t\t\t\/* Change page on input enter. *\/        function bwg_change_page_0( e, that ) {          if (  e.key == 'Enter' ) {            var to_page = parseInt(jQuery(that).val());            var pages_count = jQuery(that).parents(\".pagination-links\").data(\"pages-count\");            var current_url_param = jQuery(that).attr('data-url-info');            if (to_page > pages_count) {              to_page = 1;            }\t \t\t\t\t\t\t\t\t\t\t\t\tspider_page_0(this, to_page, 0, 'numeric');\t\t\t\t\t\t\treturn false;\t\t\t\t\t\t          }          return true;        }        jQuery('.bwg_load_btn_0').on('click', function () {            spider_page_0(this, 1, 1, true);            return false;        });      <\/script>      <\/span>                <\/div>        <\/form>        <style>          #bwg_container1_0 #bwg_container2_0 #spider_popup_overlay_0 {          background-color: #000000;          opacity: 0.70;          }          <\/style>        <div id=\"bwg_spider_popup_loading_0\" class=\"bwg_spider_popup_loading\"><\/div>        <div id=\"spider_popup_overlay_0\" class=\"spider_popup_overlay\" onclick=\"spider_destroypopup(1000)\"><\/div>        <input type=\"hidden\" id=\"bwg_random_seed_0\" value=\"1294842597\">                <\/div>    <\/div>    <script>      if (document.readyState === 'complete') {        if( typeof bwg_main_ready == 'function' ) {          if ( jQuery(\"#bwg_container1_0\").height() ) {            bwg_main_ready(jQuery(\"#bwg_container1_0\"));          }        }      } else {        document.addEventListener('DOMContentLoaded', function() {          if( typeof bwg_main_ready == 'function' ) {            if ( jQuery(\"#bwg_container1_0\").height() ) {             bwg_main_ready(jQuery(\"#bwg_container1_0\"));            }          }        });      }    <\/script>    \n\n\n\n<p>\u201ePokud chcete vid\u011bt v\u00edce ne\u017e jen prost\u0159ednictv\u00edm fotografi\u00ed, pod\u00edvejte se na moji sb\u00edrku \u010dasosb\u011brn\u00fdch vide\u00ed. Najdete je na str\u00e1nce <a href=\"https:\/\/petr-moravec.cz\/video\/\" data-type=\"page\" data-id=\"6823\">video galerie<\/a>, pop\u0159. <a href=\"https:\/\/www.facebook.com\/photo.moravec\/\" target=\"_blank\" rel=\"noopener\">Fb str\u00e1nce<\/a>, kde se tis\u00edce sn\u00edmk\u016f spojuj\u00ed do p\u0159\u00edb\u011bh\u016f o sv\u00edt\u00e1n\u00ed, pohybu mrak\u016f a probouzej\u00edc\u00ed se p\u0159\u00edrod\u011b.\u201c<\/p>\n\n\n<div class=\"wp-block-image\">\n<figure class=\"aligncenter size-full is-resized\"><img loading=\"lazy\" decoding=\"async\" width=\"1064\" height=\"591\" src=\"https:\/\/petr-moravec.cz\/wp-content\/uploads\/2024\/11\/Moravec.png\" alt=\"Petr Moravec\" class=\"wp-image-6163\" style=\"aspect-ratio:1.800341582666354;width:297px;height:auto\" srcset=\"https:\/\/petr-moravec.cz\/wp-content\/uploads\/2024\/11\/Moravec.png 1064w, https:\/\/petr-moravec.cz\/wp-content\/uploads\/2024\/11\/Moravec-300x167.png 300w, https:\/\/petr-moravec.cz\/wp-content\/uploads\/2024\/11\/Moravec-768x427.png 768w, https:\/\/petr-moravec.cz\/wp-content\/uploads\/2024\/11\/Moravec-18x10.png 18w\" sizes=\"auto, (max-width: 1064px) 100vw, 1064px\" \/><\/figure>\n<\/div>\n\n\n<p><\/p>\n","protected":false},"excerpt":{"rendered":"<p>Foto galerie V\u00edtejte v m\u00e9 galerii, kde se s v\u00e1mi r\u00e1d pod\u011bl\u00edm o svou v\u00e1\u0161e\u0148 pro fotografii. Fotografuji u\u017e od ml\u00e1d\u00ed, ale teprve ned\u00e1vno jsem se rozhodl vytvo\u0159it si vlastn\u00ed online galerii, kde m\u016f\u017eete vid\u011bt m\u00e9 nejlep\u0161\u00ed sn\u00edmky z r\u016fzn\u00fdch kout\u016f \u010cesk\u00e9 republiky. M\u00e1m r\u00e1d p\u0159\u00edrodu a hory, proto se zam\u011b\u0159uji hlavn\u011b na krajin\u00e1\u0159skou fotografii. Zvl\u00e1\u0161\u0165 m\u011b fascinuje \u0160umava, jej\u00ed\u017e kr\u00e1su se sna\u017e\u00edm zachytit ve sv\u00fdch obrazech. Douf\u00e1m, \u017ee v\u00e1m m\u00e9 fotografie p\u0159ibl\u00ed\u017e\u00ed kouzlo t\u00e9to n\u00e1dhern\u00e9 oblasti a \u017ee v\u00e1s zaujmou stejn\u011b jako m\u011b. Budu r\u00e1d, kdy\u017e mi nap\u00ed\u0161ete sv\u00e9 n\u00e1zory, post\u0159ehy nebo tipy na dal\u0161\u00ed zaj\u00edmav\u00e1 m\u00edsta k fotografov\u00e1n\u00ed. D\u011bkuji za va\u0161i n\u00e1v\u0161t\u011bvu a p\u0159eji v\u00e1m p\u0159\u00edjemn\u00e9 prohl\u00ed\u017een\u00ed m\u00e9 galerie. \u201ePokud chcete vid\u011bt v\u00edce ne\u017e jen prost\u0159ednictv\u00edm fotografi\u00ed, pod\u00edvejte se na moji sb\u00edrku \u010dasosb\u011brn\u00fdch vide\u00ed. Najdete je na str\u00e1nce video galerie, pop\u0159. Fb str\u00e1nce, kde se tis\u00edce sn\u00edmk\u016f spojuj\u00ed do p\u0159\u00edb\u011bh\u016f o sv\u00edt\u00e1n\u00ed, pohybu mrak\u016f a probouzej\u00edc\u00ed se p\u0159\u00edrod\u011b.\u201c<\/p>","protected":false},"author":1,"featured_media":2824,"parent":0,"menu_order":0,"comment_status":"closed","ping_status":"closed","template":"","meta":{"footnotes":""},"class_list":["post-4292","page","type-page","status-publish","has-post-thumbnail","hentry"],"acf":[],"_links":{"self":[{"href":"https:\/\/petr-moravec.cz\/de\/wp-json\/wp\/v2\/pages\/4292","targetHints":{"allow":["GET"]}}],"collection":[{"href":"https:\/\/petr-moravec.cz\/de\/wp-json\/wp\/v2\/pages"}],"about":[{"href":"https:\/\/petr-moravec.cz\/de\/wp-json\/wp\/v2\/types\/page"}],"author":[{"embeddable":true,"href":"https:\/\/petr-moravec.cz\/de\/wp-json\/wp\/v2\/users\/1"}],"replies":[{"embeddable":true,"href":"https:\/\/petr-moravec.cz\/de\/wp-json\/wp\/v2\/comments?post=4292"}],"version-history":[{"count":0,"href":"https:\/\/petr-moravec.cz\/de\/wp-json\/wp\/v2\/pages\/4292\/revisions"}],"wp:featuredmedia":[{"embeddable":true,"href":"https:\/\/petr-moravec.cz\/de\/wp-json\/wp\/v2\/media\/2824"}],"wp:attachment":[{"href":"https:\/\/petr-moravec.cz\/de\/wp-json\/wp\/v2\/media?parent=4292"}],"curies":[{"name":"wp","href":"https:\/\/api.w.org\/{rel}","templated":true}]}}