{"id":6237,"date":"2025-01-14T00:10:06","date_gmt":"2025-01-13T22:10:06","guid":{"rendered":"https:\/\/petr-moravec.cz\/?page_id=6237"},"modified":"2026-03-12T00:00:28","modified_gmt":"2026-03-11T22:00:28","slug":"blog","status":"publish","type":"page","link":"https:\/\/petr-moravec.cz\/de\/blog\/","title":{"rendered":"Der Blog"},"content":{"rendered":"<h2 class=\"wp-block-heading has-text-align-center\">Fotoblog<\/h2>\n\n\n\n<div style=\"height:50px\" aria-hidden=\"true\" class=\"wp-block-spacer\"><\/div>\n\n\n\n<p class=\"has-drop-cap\">Willkommen auf meinem Blog! Hier teile ich meine Wanderungen, Erlebnisse und au\u00dfergew\u00f6hnlichen Momente mit euch. Mein Name ist Petr und ich bin ein leidenschaftlicher Reisender, der es liebt, neue Orte zu entdecken, neue Menschen kennenzulernen und Neues zu lernen. Auf dieser Seite zeige ich euch einige der sch\u00f6nsten und interessantesten Orte, die ich besucht habe, und teile meine Tipps, Ratschl\u00e4ge und Beobachtungen mit euch. Ich hoffe, meine Erlebnisse und Eindr\u00fccke unterhalten, inspirieren und motivieren euch zu eigenen Abenteuern. Bei Fragen, Anmerkungen oder Anregungen k\u00f6nnt ihr mich jederzeit kontaktieren. <a href=\"https:\/\/petr-moravec.cz\/de\/o-mne\/\" data-type=\"page\" data-id=\"2\">schreiben<\/a>. Sie k\u00f6nnen auch meine Website besuchen. <a href=\"https:\/\/www.facebook.com\/photo.moravec\/\" target=\"_blank\" rel=\"noopener\">Facebook-Seite<\/a>, Ich freue mich auf Ihr Feedback. Vielen Dank f\u00fcr Ihre Aufmerksamkeit und einen sch\u00f6nen Tag noch.<\/p>\n\n\n\n<div style=\"height:50px\" aria-hidden=\"true\" class=\"wp-block-spacer\"><\/div>\n\n\n<div class=\"posts-bloky\"><div class=\"blok\"><a href=\"https:\/\/petr-moravec.cz\/de\/letni-sumavske-mlhy\/\" class=\"obrazek\"><img loading=\"lazy\" decoding=\"async\" width=\"300\" height=\"200\" src=\"https:\/\/petr-moravec.cz\/wp-content\/uploads\/2025\/07\/DSC8654-300x200.webp\" class=\"attachment-medium size-medium wp-post-image\" alt=\"\u0161umavsk\u00e9 mlhy\" srcset=\"https:\/\/petr-moravec.cz\/wp-content\/uploads\/2025\/07\/DSC8654-300x200.webp 300w, https:\/\/petr-moravec.cz\/wp-content\/uploads\/2025\/07\/DSC8654-768x513.webp 768w, https:\/\/petr-moravec.cz\/wp-content\/uploads\/2025\/07\/DSC8654-1536x1026.webp 1536w, https:\/\/petr-moravec.cz\/wp-content\/uploads\/2025\/07\/DSC8654-18x12.webp 18w, https:\/\/petr-moravec.cz\/wp-content\/uploads\/2025\/07\/DSC8654-1140x761.webp 1140w, https:\/\/petr-moravec.cz\/wp-content\/uploads\/2025\/07\/DSC8654-450x300.webp 450w, https:\/\/petr-moravec.cz\/wp-content\/uploads\/2025\/07\/DSC8654.webp 1920w\" sizes=\"auto, (max-width: 300px) 100vw, 300px\" \/><\/a><h3><a href=\"https:\/\/petr-moravec.cz\/de\/letni-sumavske-mlhy\/\">\u0160umava-Nebel<\/a><\/h3><p class=\"datum\">13. 7. 2025<\/p><p class=\"kategorie\"><a href=\"https:\/\/petr-moravec.cz\/de\/category\/blog\/\" rel=\"category tag\">Der Blog<\/a><\/p><p class=\"uvod\">Der Sommernebel des B\u00f6hmerwaldes zieht leise auf. Die K\u00e4lte versinkt langsam im Boden, die letzten Schatten der Nacht verweilen in den Baumwipfeln \u2013...<\/p><a class=\"cteni-dal\" href=\"https:\/\/petr-moravec.cz\/de\/letni-sumavske-mlhy\/\">Mehr lesen<\/a><\/div><div class=\"blok\"><a href=\"https:\/\/petr-moravec.cz\/de\/trebonske-seniky\/\" class=\"obrazek\"><img loading=\"lazy\" decoding=\"async\" width=\"300\" height=\"200\" src=\"https:\/\/petr-moravec.cz\/wp-content\/uploads\/2025\/05\/PET0367-300x200.webp\" class=\"attachment-medium size-medium wp-post-image\" alt=\"T\u0159ebo\u0148sk\u00e9 sen\u00edky\" srcset=\"https:\/\/petr-moravec.cz\/wp-content\/uploads\/2025\/05\/PET0367-300x200.webp 300w, https:\/\/petr-moravec.cz\/wp-content\/uploads\/2025\/05\/PET0367-768x512.webp 768w, https:\/\/petr-moravec.cz\/wp-content\/uploads\/2025\/05\/PET0367-1536x1024.webp 1536w, https:\/\/petr-moravec.cz\/wp-content\/uploads\/2025\/05\/PET0367-18x12.webp 18w, https:\/\/petr-moravec.cz\/wp-content\/uploads\/2025\/05\/PET0367-1140x760.webp 1140w, https:\/\/petr-moravec.cz\/wp-content\/uploads\/2025\/05\/PET0367-450x300.webp 450w, https:\/\/petr-moravec.cz\/wp-content\/uploads\/2025\/05\/PET0367.webp 1920w\" sizes=\"auto, (max-width: 300px) 100vw, 300px\" \/><\/a><h3><a href=\"https:\/\/petr-moravec.cz\/de\/trebonske-seniky\/\">Heub\u00f6den in T\u0159ebo\u0148<\/a><\/h3><p class=\"datum\">27. 5. 2025<\/p><p class=\"kategorie\"><a href=\"https:\/\/petr-moravec.cz\/de\/category\/blog\/\" rel=\"category tag\">Der Blog<\/a><\/p><p class=\"uvod\">Die Heuhaufen von T\u0159ebo\u0148 sind ein Kulturdenkmal in Mokr\u00e9 luky in der N\u00e4he der Stadt T\u0159ebo\u0148 in der S\u00fcdb\u00f6hmischen Region. Sie sind...<\/p><a class=\"cteni-dal\" href=\"https:\/\/petr-moravec.cz\/de\/trebonske-seniky\/\">Mehr lesen<\/a><\/div><div class=\"blok\"><a href=\"https:\/\/petr-moravec.cz\/de\/zoo-plzen\/\" class=\"obrazek\"><img loading=\"lazy\" decoding=\"async\" width=\"300\" height=\"199\" src=\"https:\/\/petr-moravec.cz\/wp-content\/uploads\/2025\/03\/PET3926-300x199.webp\" class=\"attachment-medium size-medium wp-post-image\" alt=\"Zoo Plze\u0148\" srcset=\"https:\/\/petr-moravec.cz\/wp-content\/uploads\/2025\/03\/PET3926-300x199.webp 300w, https:\/\/petr-moravec.cz\/wp-content\/uploads\/2025\/03\/PET3926-768x508.webp 768w, https:\/\/petr-moravec.cz\/wp-content\/uploads\/2025\/03\/PET3926-1536x1017.webp 1536w, https:\/\/petr-moravec.cz\/wp-content\/uploads\/2025\/03\/PET3926-18x12.webp 18w, https:\/\/petr-moravec.cz\/wp-content\/uploads\/2025\/03\/PET3926-1140x755.webp 1140w, https:\/\/petr-moravec.cz\/wp-content\/uploads\/2025\/03\/PET3926-500x330.webp 500w, https:\/\/petr-moravec.cz\/wp-content\/uploads\/2025\/03\/PET3926-450x300.webp 450w, https:\/\/petr-moravec.cz\/wp-content\/uploads\/2025\/03\/PET3926.webp 1600w\" sizes=\"auto, (max-width: 300px) 100vw, 300px\" \/><\/a><h3><a href=\"https:\/\/petr-moravec.cz\/de\/zoo-plzen\/\">Zoologischer und Botanischer Garten der Stadt Pilsen<\/a><\/h3><p class=\"datum\">17. 3. 2025<\/p><p class=\"kategorie\"><a href=\"https:\/\/petr-moravec.cz\/de\/category\/blog\/\" rel=\"category tag\">Der Blog<\/a><\/p><p class=\"uvod\">Der Pilsener Zoo r\u00fchmt sich der gr\u00f6\u00dften Artenvielfalt in Tschechien. Er ist der zweit\u00e4lteste Zoo des Landes und gleichzeitig...<\/p><a class=\"cteni-dal\" href=\"https:\/\/petr-moravec.cz\/de\/zoo-plzen\/\">Mehr lesen<\/a><\/div><div class=\"blok\"><a href=\"https:\/\/petr-moravec.cz\/de\/uplnek\/\" class=\"obrazek\"><img loading=\"lazy\" decoding=\"async\" width=\"300\" height=\"200\" src=\"https:\/\/petr-moravec.cz\/wp-content\/uploads\/2025\/11\/DSC1795-300x200.webp\" class=\"attachment-medium size-medium wp-post-image\" alt=\"\u00dapln\u011bk\" srcset=\"https:\/\/petr-moravec.cz\/wp-content\/uploads\/2025\/11\/DSC1795-300x200.webp 300w, https:\/\/petr-moravec.cz\/wp-content\/uploads\/2025\/11\/DSC1795-768x512.webp 768w, https:\/\/petr-moravec.cz\/wp-content\/uploads\/2025\/11\/DSC1795-1536x1024.webp 1536w, https:\/\/petr-moravec.cz\/wp-content\/uploads\/2025\/11\/DSC1795-18x12.webp 18w, https:\/\/petr-moravec.cz\/wp-content\/uploads\/2025\/11\/DSC1795-1140x760.webp 1140w, https:\/\/petr-moravec.cz\/wp-content\/uploads\/2025\/11\/DSC1795-450x300.webp 450w, https:\/\/petr-moravec.cz\/wp-content\/uploads\/2025\/11\/DSC1795.webp 1920w\" sizes=\"auto, (max-width: 300px) 100vw, 300px\" \/><\/a><h3><a href=\"https:\/\/petr-moravec.cz\/de\/uplnek\/\">Vollmonde<\/a><\/h3><p class=\"datum\">12. 9. 2024<\/p><p class=\"kategorie\"><a href=\"https:\/\/petr-moravec.cz\/de\/category\/blog\/\" rel=\"category tag\">Der Blog<\/a><\/p><p class=\"uvod\">Vollmond | Hinter dem Zauber des Mondlichts Ich unternahm immer wieder kleine Expeditionen, um den Vollmond zu sehen, in der Hoffnung, dass seine Scheibe farbig sein w\u00fcrde...<\/p><a class=\"cteni-dal\" href=\"https:\/\/petr-moravec.cz\/de\/uplnek\/\">Mehr lesen<\/a><\/div><div class=\"blok\"><a href=\"https:\/\/petr-moravec.cz\/de\/bourka-na-sukenicke-rozhledne\/\" class=\"obrazek\"><img loading=\"lazy\" decoding=\"async\" width=\"300\" height=\"200\" src=\"https:\/\/petr-moravec.cz\/wp-content\/uploads\/2023\/09\/DSC4961-300x200.jpg\" class=\"attachment-medium size-medium wp-post-image\" alt=\"Bou\u0159ka na S\u00fakenick\u00e9 rozhledn\u011b\" srcset=\"https:\/\/petr-moravec.cz\/wp-content\/uploads\/2023\/09\/DSC4961-300x200.jpg 300w, https:\/\/petr-moravec.cz\/wp-content\/uploads\/2023\/09\/DSC4961-768x512.jpg 768w, https:\/\/petr-moravec.cz\/wp-content\/uploads\/2023\/09\/DSC4961-1536x1024.jpg 1536w, https:\/\/petr-moravec.cz\/wp-content\/uploads\/2023\/09\/DSC4961-18x12.jpg 18w, https:\/\/petr-moravec.cz\/wp-content\/uploads\/2023\/09\/DSC4961-500x333.jpg 500w, https:\/\/petr-moravec.cz\/wp-content\/uploads\/2023\/09\/DSC4961-800x533.jpg 800w, https:\/\/petr-moravec.cz\/wp-content\/uploads\/2023\/09\/DSC4961-1280x853.jpg 1280w, https:\/\/petr-moravec.cz\/wp-content\/uploads\/2023\/09\/DSC4961-1140x760.jpg 1140w, https:\/\/petr-moravec.cz\/wp-content\/uploads\/2023\/09\/DSC4961.jpg 1920w\" sizes=\"auto, (max-width: 300px) 100vw, 300px\" \/><\/a><h3><a href=\"https:\/\/petr-moravec.cz\/de\/bourka-na-sukenicke-rozhledne\/\">Aussichtsturm Sukeni\u010dka<\/a><\/h3><p class=\"datum\">26. 8. 2023<\/p><p class=\"kategorie\"><a href=\"https:\/\/petr-moravec.cz\/de\/category\/blog\/\" rel=\"category tag\">Der Blog<\/a><\/p><p class=\"uvod\">Ein Gewitter am Aussichtsturm S\u00fakenick\u00e1 ist ein unvergessliches Erlebnis. Ich habe mich f\u00fcr den Aussichtsturm S\u00fakenick\u00e1 entschieden, der sich auf einem Berg befindet...<\/p><a class=\"cteni-dal\" href=\"https:\/\/petr-moravec.cz\/de\/bourka-na-sukenicke-rozhledne\/\">Mehr lesen<\/a><\/div><\/div><div class=\"navigace\"><span aria-current=\"page\" class=\"page-numbers current\">1<\/span>\n<a class=\"page-numbers\" href=\"https:\/\/petr-moravec.cz\/de\/wp-json\/wp\/v2\/pages\/6237\/page\/2\/\">2<\/a>\n<a class=\"next page-numbers\" href=\"https:\/\/petr-moravec.cz\/de\/wp-json\/wp\/v2\/pages\/6237\/page\/2\/\">N\u00e4chste &quot;\u00bb<\/a><\/div>\n\n\n<div class=\"wp-block-image\">\n<figure class=\"aligncenter size-full is-resized\"><a href=\"https:\/\/petr-moravec.cz\/de\/\"><img loading=\"lazy\" decoding=\"async\" width=\"1064\" height=\"591\" src=\"https:\/\/petr-moravec.cz\/wp-content\/uploads\/2024\/11\/Moravec.png\" alt=\"Petr Moravec\" class=\"wp-image-6163\" style=\"aspect-ratio:1.800341582666354;width:272px;height:auto\" srcset=\"https:\/\/petr-moravec.cz\/wp-content\/uploads\/2024\/11\/Moravec.png 1064w, https:\/\/petr-moravec.cz\/wp-content\/uploads\/2024\/11\/Moravec-300x167.png 300w, https:\/\/petr-moravec.cz\/wp-content\/uploads\/2024\/11\/Moravec-768x427.png 768w, https:\/\/petr-moravec.cz\/wp-content\/uploads\/2024\/11\/Moravec-18x10.png 18w\" sizes=\"auto, (max-width: 1064px) 100vw, 1064px\" \/><\/a><\/figure>\n<\/div>","protected":false},"excerpt":{"rendered":"<p>Fotoblog V\u00edtejte na m\u00e9m blogu, kde se budu s v\u00e1mi d\u011blit o m\u00fdch t\u00far\u00e1ch, z\u00e1\u017eitc\u00edch a vyj\u00edme\u010dn\u00fdch ud\u00e1lostech. Jmenuji se Petr a jsem v\u00e1\u0161niv\u00fdm cestovatelem, kter\u00fd r\u00e1d objevuje nov\u00e1 m\u00edsta, pozn\u00e1v\u00e1 nov\u00e9 lidi a u\u010d\u00ed se nov\u00e9 v\u011bci. Na t\u00e9to str\u00e1nce v\u00e1m budu ukazovat n\u011bkter\u00e9 z nejkr\u00e1sn\u011bj\u0161\u00edch a nejzaj\u00edmav\u011bj\u0161\u00edch m\u00edst, kter\u00e1 jsem nav\u0161t\u00edvil, a sd\u00edlet s v\u00e1mi m\u00e9 tipy, rady a post\u0159ehy. Douf\u00e1m, \u017ee v\u00e1s budou m\u00e9 post\u0159ehy a z\u00e1\u017eitky bavit, inspirovat a motivovat k tomu, abyste si tak\u00e9 vyrazili na sv\u00e9 vlastn\u00ed dobrodru\u017estv\u00ed. Pokud m\u00e1te n\u011bjak\u00e9 dotazy, koment\u00e1\u0159e nebo n\u00e1vrhy, nev\u00e1hejte mi napsat. M\u016f\u017eete nav\u0161t\u00edvit i moj\u00ed FB str\u00e1nku, budu se t\u011b\u0161it na va\u0161i zp\u011btnou vazbu. D\u011bkuji za va\u0161i pozornost a p\u0159eji v\u00e1m kr\u00e1sn\u00fd den.<\/p>","protected":false},"author":1,"featured_media":6174,"parent":0,"menu_order":0,"comment_status":"closed","ping_status":"closed","template":"","meta":{"footnotes":""},"class_list":["post-6237","page","type-page","status-publish","has-post-thumbnail","hentry"],"acf":[],"_links":{"self":[{"href":"https:\/\/petr-moravec.cz\/de\/wp-json\/wp\/v2\/pages\/6237","targetHints":{"allow":["GET"]}}],"collection":[{"href":"https:\/\/petr-moravec.cz\/de\/wp-json\/wp\/v2\/pages"}],"about":[{"href":"https:\/\/petr-moravec.cz\/de\/wp-json\/wp\/v2\/types\/page"}],"author":[{"embeddable":true,"href":"https:\/\/petr-moravec.cz\/de\/wp-json\/wp\/v2\/users\/1"}],"replies":[{"embeddable":true,"href":"https:\/\/petr-moravec.cz\/de\/wp-json\/wp\/v2\/comments?post=6237"}],"version-history":[{"count":0,"href":"https:\/\/petr-moravec.cz\/de\/wp-json\/wp\/v2\/pages\/6237\/revisions"}],"wp:featuredmedia":[{"embeddable":true,"href":"https:\/\/petr-moravec.cz\/de\/wp-json\/wp\/v2\/media\/6174"}],"wp:attachment":[{"href":"https:\/\/petr-moravec.cz\/de\/wp-json\/wp\/v2\/media?parent=6237"}],"curies":[{"name":"wp","href":"https:\/\/api.w.org\/{rel}","templated":true}]}}