{"id":6823,"date":"2025-11-15T09:00:59","date_gmt":"2025-11-15T07:00:59","guid":{"rendered":"https:\/\/petr-moravec.cz\/?page_id=6823"},"modified":"2026-03-02T12:53:49","modified_gmt":"2026-03-02T10:53:49","slug":"video","status":"publish","type":"page","link":"https:\/\/petr-moravec.cz\/de\/video\/","title":{"rendered":"Video"},"content":{"rendered":"<h2 class=\"wp-block-heading has-text-align-center\">Zeitraffer-Videogalerie<\/h2>\n\n\n\n<p>Zeitraffer-Videos dokumentieren Ver\u00e4nderungen in der Welt, die uns normalerweise entgehen.<br>Auf dieser Seite finden Sie meine pers\u00f6nliche Sammlung von Zeitrafferaufnahmen, die gr\u00f6\u00dftenteils von tiefer Nacht bis zu den ersten Sonnenstrahlen aufgenommen wurden.<br>Jedes Video ist eine kleine Geschichte \u00fcber Zeit, Licht und Bewegung \u2013 \u00fcber die Stille, die in den Morgengesang der V\u00f6gel \u00fcbergeht, \u00fcber die Sterne, die in der D\u00e4mmerung verschwinden, und \u00fcber die Landschaft, die zu einem neuen Tag erwacht.<br>Ich gestalte sie mit Liebe zum Detail und dem Wunsch, die Sch\u00f6nheit von Momenten aufzuzeigen, die sonst verloren gingen.<br>Wenn Sie von den \u00dcberg\u00e4ngen zwischen Nacht und Tag fasziniert sind, tauchen Sie ein in die Galerie und entdecken Sie die Magie der Morgend\u00e4mmerung, eingefangen im Zeitraffer.<\/p>\n\n\n\n<div style=\"height:50px\" aria-hidden=\"true\" class=\"wp-block-spacer\"><\/div>\n\n\n\n<div class=\"video-gallery\">\n  <div class=\"video-wrapper\">\n    <iframe src=\"https:\/\/www.youtube.com\/embed\/aR0joFBI0fk?si=1VWoT4-CT1NDfE2U\"\n            title=\"Aussichtsturm St. Mark\u00e9ta, Dla\u017eov \u2013 Zeitraffer vom Morgengrauen an\"\n            loading=\"lazy\"\n            allow=\"accelerometer; autoplay; clipboard-write; encrypted-media; gyroscope; picture-in-picture\"\n            allowfullscreen><\/iframe>\n  <\/div>\n  <div class=\"video-wrapper\">\n    <iframe src=\"https:\/\/www.youtube.com\/embed\/tqR5xqM4YDM?rel=0&#038;modestbranding=1\"\n            title=\"Aussichtsturm Dobr\u00e1 Voda \u2013 Zeitraffer des Sonnenaufgangs\"\n            loading=\"lazy\"\n            allow=\"accelerometer; autoplay; clipboard-write; encrypted-media; gyroscope; picture-in-picture\"\n            allowfullscreen><\/iframe>\n  <\/div>\n\n  <div class=\"video-wrapper\">\n    <iframe src=\"https:\/\/www.youtube.com\/embed\/DjfnhNbyv_4?rel=0&#038;modestbranding=1\"\n            title=\"Velky Bor \u2013 Zeitraffer\"\n            loading=\"lazy\"\n            allow=\"accelerometer; autoplay; clipboard-write; encrypted-media; gyroscope; picture-in-picture\"\n            allowfullscreen><\/iframe>\n  <\/div>\n\n  <div class=\"video-wrapper\">\n    <iframe src=\"https:\/\/www.youtube.com\/embed\/5KDwoimhNCY?rel=0&#038;modestbranding=1\"\n            title=\"Pantheonschloss Vranov \u2013 Abendd\u00e4mmerung\"\n            loading=\"lazy\"\n            allow=\"accelerometer; autoplay; clipboard-write; encrypted-media; gyroscope; picture-in-picture\"\n            allowfullscreen><\/iframe>\n  <\/div>\n\n  <div class=\"video-wrapper\">\n    <iframe src=\"https:\/\/www.youtube.com\/embed\/zG9PCOnTl2g?rel=0&#038;modestbranding=1\"\n            title=\"Str\u00e1\u017eensk\u00e1 sla\u0165 \u2013 Zeitraffer\"\n            loading=\"lazy\"\n            allow=\"accelerometer; autoplay; clipboard-write; encrypted-media; gyroscope; picture-in-picture\"\n            allowfullscreen><\/iframe>\n  <\/div>\n\n  <div class=\"video-wrapper\">\n    <iframe src=\"https:\/\/www.youtube.com\/embed\/AXRPiAHgwv0?rel=0&#038;modestbranding=1\"\n            title=\"Ehemaliger Zadn\u00ed Chalupy u Pr\u00e1\u0161il \u2013 Zeitraffer\"\n            loading=\"lazy\"\n            allow=\"accelerometer; autoplay; clipboard-write; encrypted-media; gyroscope; picture-in-picture\"\n            allowfullscreen><\/iframe>\n  <\/div>\n\n  <div class=\"video-wrapper\">\n    <iframe src=\"https:\/\/www.youtube.com\/embed\/7SzTnKzzVdQ?rel=0&#038;modestbranding=1\"\n            title=\"Morgend\u00e4mmerung auf Kvilda \u2013 Zeitraffer\"\n            loading=\"lazy\"\n            allow=\"accelerometer; autoplay; clipboard-write; encrypted-media; gyroscope; picture-in-picture\"\n            allowfullscreen><\/iframe>\n  <\/div>\n<\/div>\n\n\n\n<div style=\"height:50px\" aria-hidden=\"true\" class=\"wp-block-spacer\"><\/div>\n\n\n\n<p>F\u00fcr mich ist Zeitrafferfotografie ein Weg der Geduld und der Suche nach Harmonie zwischen Dunkelheit und Licht. Jedes Video entsteht aus Hunderten, ja Tausenden von Fotos, die nach und nach zu einer Geschichte zusammengef\u00fcgt werden. Ich beginne meist mitten in der Nacht mit den Aufnahmen, wenn die Landschaft sich auf den ersten Hauch des Tages vorbereitet. Sobald der Himmel heller wird, wechsle ich zur Gegenlichtfotografie \u2013 und genau hier liegt die gr\u00f6\u00dfte Herausforderung. Die Sonne geht auf, das Licht ver\u00e4ndert sich rasant, und die Belichtungszeiten verk\u00fcrzen sich allm\u00e4hlich.<\/p>\n\n\n\n<p>Allein <a href=\"https:\/\/cs.wikipedia.org\/wiki\/%C4%8Casosb%C4%9Br\" target=\"_blank\" rel=\"noreferrer noopener\">Technik<\/a> Das Verfahren besteht darin, in regelm\u00e4\u00dfigen Abst\u00e4nden, beispielsweise alle paar Sekunden oder Minuten, Fotos aufzunehmen. Diese Fotos werden dann zu einem Video zusammengef\u00fcgt, wobei jede Aufnahme nur einen Bruchteil einer Sekunde lang gezeigt wird. Dadurch sieht der Betrachter in einem kurzen Moment einen Prozess, der tats\u00e4chlich Stunden gedauert hat. Wenn ich beispielsweise in einer Nacht und im Morgengrauen \u00fcber tausend Fotos mache, entsteht ein Film von wenigen Dutzend Sekunden L\u00e4nge, der die gesamte Verwandlung der Landschaft vom Sternenhimmel bis zu den ersten Sonnenstrahlen zeigt.<\/p>\n\n\n\n<div style=\"height:50px\" aria-hidden=\"true\" class=\"wp-block-spacer\"><\/div>\n\n\n\n<section class=\"video-section\">\n\n  <p>Weitere Videos finden Sie auf meinem \n    <a href=\"https:\/\/www.youtube.com\/channel\/UCssI9FltkmMs35XEQ_SKQ4A\" target=\"_blank\" rel=\"noopener\">YouTube-Kanal<\/a>. Neben Videos k\u00f6nnen Sie sich auch meine Fotos ansehen, die Sie hier finden: \n    <a href=\"https:\/\/petr-moravec.cz\/de\/gallery\/\">Fotogalerie<\/a>.\n  <\/p>\n\n  <div class=\"video-gallery\">\n    <!-- zde u\u017e m\u00e1\u0161 vlo\u017een\u00e1 v\u0161echna videa -->\n  <\/div>\n<\/section>","protected":false},"excerpt":{"rendered":"<p>Zeitraffer-Videogalerie. Zeitraffer-Videos fangen die Ver\u00e4nderungen in der Welt ein, die uns normalerweise entgehen. Auf dieser Seite finden Sie meine pers\u00f6nliche Sammlung von Zeitrafferaufnahmen, die gr\u00f6\u00dftenteils von der tiefen Nacht bis zum ersten Morgengrauen entstanden sind. Jedes Video erz\u00e4hlt eine kleine Geschichte \u00fcber Zeit, Licht und Bewegung \u2013 \u00fcber die Stille, die in den morgendlichen Gesang der V\u00f6gel \u00fcbergeht, \u00fcber die Sterne, die in der D\u00e4mmerung verschwinden, und die Landschaft, die zu einem neuen Tag erwacht. Ich erstelle sie mit Liebe zum Detail und dem Wunsch, die Sch\u00f6nheit von Momenten zu zeigen, die sonst verloren gingen. Wenn Sie von der Verwandlung der Nacht in den Tag fasziniert sind, tauchen Sie ein in die Galerie und entdecken Sie die Magie der Morgend\u00e4mmerung im Zeitraffer. F\u00fcr mich ist die Zeitraffertechnik ein Weg der Geduld und der Suche nach Harmonie zwischen Dunkelheit und Licht. Jedes Video entsteht aus Hunderten bis Tausenden von Fotos, die nach und nach zu einer Geschichte zusammengef\u00fcgt werden. Ich beginne die Aufnahmen meist mitten in der Nacht, wenn sich die Landschaft auf den ersten Hauch des Tages vorbereitet. Sobald der Himmel heller wird, wechsle ich zur Gegenlichtaufnahme \u2013 und genau hier liegt die gr\u00f6\u00dfte Herausforderung. Die Sonne geht auf, das Licht ver\u00e4ndert sich rasant, und die Belichtungszeiten verk\u00fcrzen sich allm\u00e4hlich. Die Technik besteht darin, in regelm\u00e4\u00dfigen Abst\u00e4nden, beispielsweise alle paar Sekunden oder Minuten, Fotos aufzunehmen. Diese Bilder werden dann zu einem Video zusammengef\u00fcgt, in dem jede Aufnahme nur einen Bruchteil einer Sekunde lang abgespielt wird. Dadurch erlebt der Betrachter in einem kurzen Moment einen Prozess, der eigentlich Stunden gedauert hat. Wenn ich beispielsweise in einer Nacht und im Morgengrauen \u00fcber tausend Fotos mache, entsteht ein Film von wenigen Dutzend Sekunden L\u00e4nge, der die gesamte Verwandlung der Landschaft vom Sternenhimmel bis zu den ersten Sonnenstrahlen zeigt. Weitere Videos finden Sie auf meinem YouTube-Kanal. Neben den Videos k\u00f6nnen Sie sich auch meine Fotos in der Fotogalerie ansehen.<\/p>","protected":false},"author":1,"featured_media":6648,"parent":0,"menu_order":0,"comment_status":"closed","ping_status":"closed","template":"","meta":{"footnotes":""},"class_list":["post-6823","page","type-page","status-publish","has-post-thumbnail","hentry"],"acf":[],"_links":{"self":[{"href":"https:\/\/petr-moravec.cz\/de\/wp-json\/wp\/v2\/pages\/6823","targetHints":{"allow":["GET"]}}],"collection":[{"href":"https:\/\/petr-moravec.cz\/de\/wp-json\/wp\/v2\/pages"}],"about":[{"href":"https:\/\/petr-moravec.cz\/de\/wp-json\/wp\/v2\/types\/page"}],"author":[{"embeddable":true,"href":"https:\/\/petr-moravec.cz\/de\/wp-json\/wp\/v2\/users\/1"}],"replies":[{"embeddable":true,"href":"https:\/\/petr-moravec.cz\/de\/wp-json\/wp\/v2\/comments?post=6823"}],"version-history":[{"count":0,"href":"https:\/\/petr-moravec.cz\/de\/wp-json\/wp\/v2\/pages\/6823\/revisions"}],"wp:featuredmedia":[{"embeddable":true,"href":"https:\/\/petr-moravec.cz\/de\/wp-json\/wp\/v2\/media\/6648"}],"wp:attachment":[{"href":"https:\/\/petr-moravec.cz\/de\/wp-json\/wp\/v2\/media?parent=6823"}],"curies":[{"name":"wp","href":"https:\/\/api.w.org\/{rel}","templated":true}]}}