{"id":6946,"date":"2025-11-15T20:20:14","date_gmt":"2025-11-15T18:20:14","guid":{"rendered":"https:\/\/petr-moravec.cz\/?page_id=6946"},"modified":"2026-03-15T16:03:33","modified_gmt":"2026-03-15T14:03:33","slug":"udalosti","status":"publish","type":"page","link":"https:\/\/petr-moravec.cz\/de\/udalosti\/","title":{"rendered":"Veranstaltungen"},"content":{"rendered":"<h2 class=\"wp-block-heading has-text-align-center\">Veranstaltungen und Ausstellungen<\/h2>\n\n\n\n<div style=\"height:50px\" aria-hidden=\"true\" class=\"wp-block-spacer\"><\/div>\n\n\n<div class=\"event-filter\"><a class=\"filter-btn\" href=\"?cat=exhibitions\">Ausstellungen<\/a><a class=\"filter-btn\" href=\"?cat=magazines\">Zeitschriften<\/a><a class=\"filter-btn\" href=\"?cat=awards\">Bewertung<\/a><\/div><div class=\"events-bloky\"><div class=\"blok\"><a href=\"https:\/\/petr-moravec.cz\/de\/event\/kontasty-vystava-v-masnych-kramech\/\" class=\"obrazek\"><img loading=\"lazy\" decoding=\"async\" width=\"300\" height=\"200\" src=\"https:\/\/petr-moravec.cz\/wp-content\/uploads\/2025\/02\/DSC2394-300x200.webp\" class=\"attachment-medium size-medium wp-post-image\" alt=\"\" srcset=\"https:\/\/petr-moravec.cz\/wp-content\/uploads\/2025\/02\/DSC2394-300x200.webp 300w, https:\/\/petr-moravec.cz\/wp-content\/uploads\/2025\/02\/DSC2394-768x512.webp 768w, https:\/\/petr-moravec.cz\/wp-content\/uploads\/2025\/02\/DSC2394-1536x1024.webp 1536w, https:\/\/petr-moravec.cz\/wp-content\/uploads\/2025\/02\/DSC2394-18x12.webp 18w, https:\/\/petr-moravec.cz\/wp-content\/uploads\/2025\/02\/DSC2394-1140x760.webp 1140w, https:\/\/petr-moravec.cz\/wp-content\/uploads\/2025\/02\/DSC2394-450x300.webp 450w, https:\/\/petr-moravec.cz\/wp-content\/uploads\/2025\/02\/DSC2394.webp 1920w\" sizes=\"auto, (max-width: 300px) 100vw, 300px\" \/><\/a><h3><a href=\"https:\/\/petr-moravec.cz\/de\/event\/kontasty-vystava-v-masnych-kramech\/\">Kontraste<\/a><\/h3><p class=\"datum\">12. 2. 2025<\/p><p class=\"kategorie\"><a href=\"https:\/\/petr-moravec.cz\/de\/news\/exhibitions\/\" rel=\"tag\">Ausstellungen<\/a><\/p><p class=\"uvod\">Der letzte Tag des Jahres 2024 im B\u00f6hmerwaldvorland. Kleine Galerie in Masn\u00e9 Kr\u00e1my<\/p><a class=\"cteni-dal\" href=\"https:\/\/petr-moravec.cz\/de\/event\/kontasty-vystava-v-masnych-kramech\/\">Mehr lesen<\/a><\/div><div class=\"blok\"><a href=\"https:\/\/petr-moravec.cz\/de\/event\/obrazy-odrazy-duse-sumavy-2024\/\" class=\"obrazek\"><img loading=\"lazy\" decoding=\"async\" width=\"212\" height=\"300\" src=\"https:\/\/petr-moravec.cz\/wp-content\/uploads\/2024\/06\/vystava-Rudolfov-212x300.jpg\" class=\"attachment-medium size-medium wp-post-image\" alt=\"\" srcset=\"https:\/\/petr-moravec.cz\/wp-content\/uploads\/2024\/06\/vystava-Rudolfov-212x300.jpg 212w, https:\/\/petr-moravec.cz\/wp-content\/uploads\/2024\/06\/vystava-Rudolfov-768x1087.jpg 768w, https:\/\/petr-moravec.cz\/wp-content\/uploads\/2024\/06\/vystava-Rudolfov-1086x1536.jpg 1086w, https:\/\/petr-moravec.cz\/wp-content\/uploads\/2024\/06\/vystava-Rudolfov-8x12.jpg 8w, https:\/\/petr-moravec.cz\/wp-content\/uploads\/2024\/06\/vystava-Rudolfov-1140x1613.jpg 1140w, https:\/\/petr-moravec.cz\/wp-content\/uploads\/2024\/06\/vystava-Rudolfov.jpg 1357w\" sizes=\"auto, (max-width: 212px) 100vw, 212px\" \/><\/a><h3><a href=\"https:\/\/petr-moravec.cz\/de\/event\/obrazy-odrazy-duse-sumavy-2024\/\">BILDER \/ REFLEXIONEN DER SEELE DES B\u00d6HMERWALD<\/a><\/h3><p class=\"datum\">6. 6. 2024<\/p><p class=\"kategorie\"><a href=\"https:\/\/petr-moravec.cz\/de\/news\/exhibitions\/\" rel=\"tag\">Ausstellungen<\/a><\/p><p class=\"uvod\">EINLADUNG ZUR ER\u00d6FFNUNG UND AUSSTELLUNG Ich m\u00f6chte Sie alle zur Er\u00f6ffnung am 28. Juni ab 17:00 Uhr im Bergbaumuseum einladen...<\/p><a class=\"cteni-dal\" href=\"https:\/\/petr-moravec.cz\/de\/event\/obrazy-odrazy-duse-sumavy-2024\/\">Mehr lesen<\/a><\/div><div class=\"blok\"><a href=\"https:\/\/petr-moravec.cz\/de\/event\/photography-week-magazine-2024\/\" class=\"obrazek\"><img loading=\"lazy\" decoding=\"async\" width=\"225\" height=\"300\" src=\"https:\/\/petr-moravec.cz\/wp-content\/uploads\/2024\/03\/PHW593.digitalEsellerSH-1-225x300.jpg\" class=\"attachment-medium size-medium wp-post-image\" alt=\"\" srcset=\"https:\/\/petr-moravec.cz\/wp-content\/uploads\/2024\/03\/PHW593.digitalEsellerSH-1-225x300.jpg 225w, https:\/\/petr-moravec.cz\/wp-content\/uploads\/2024\/03\/PHW593.digitalEsellerSH-1-768x1024.jpg 768w, https:\/\/petr-moravec.cz\/wp-content\/uploads\/2024\/03\/PHW593.digitalEsellerSH-1-1152x1536.jpg 1152w, https:\/\/petr-moravec.cz\/wp-content\/uploads\/2024\/03\/PHW593.digitalEsellerSH-1-1536x2048.jpg 1536w, https:\/\/petr-moravec.cz\/wp-content\/uploads\/2024\/03\/PHW593.digitalEsellerSH-1-9x12.jpg 9w, https:\/\/petr-moravec.cz\/wp-content\/uploads\/2024\/03\/PHW593.digitalEsellerSH-1-1140x1520.jpg 1140w, https:\/\/petr-moravec.cz\/wp-content\/uploads\/2024\/03\/PHW593.digitalEsellerSH-1-scaled.jpg 1920w\" sizes=\"auto, (max-width: 225px) 100vw, 225px\" \/><\/a><h3><a href=\"https:\/\/petr-moravec.cz\/de\/event\/photography-week-magazine-2024\/\">Photography Week Magazin<\/a><\/h3><p class=\"datum\">1. 2. 2024<\/p><p class=\"kategorie\"><a href=\"https:\/\/petr-moravec.cz\/de\/news\/magazines\/\" rel=\"tag\">Zeitschriften<\/a><\/p><p class=\"uvod\">Wintermorgenfoto vom Bergkamm auf dem T\u0159\u00edstoli\u010dn\u00edk im Februar 2024 in der Februarausgabe des Magazins Photography Week &nbsp;<\/p><a class=\"cteni-dal\" href=\"https:\/\/petr-moravec.cz\/de\/event\/photography-week-magazine-2024\/\">Mehr lesen<\/a><\/div><div class=\"blok\"><a href=\"https:\/\/petr-moravec.cz\/de\/event\/kasperskehory\/\" class=\"obrazek\"><img loading=\"lazy\" decoding=\"async\" width=\"212\" height=\"300\" src=\"https:\/\/petr-moravec.cz\/wp-content\/uploads\/2024\/01\/VYSTAVA-PETR-A-PAVEL-212x300.jpeg\" class=\"attachment-medium size-medium wp-post-image\" alt=\"\" srcset=\"https:\/\/petr-moravec.cz\/wp-content\/uploads\/2024\/01\/VYSTAVA-PETR-A-PAVEL-212x300.jpeg 212w, https:\/\/petr-moravec.cz\/wp-content\/uploads\/2024\/01\/VYSTAVA-PETR-A-PAVEL-768x1086.jpeg 768w, https:\/\/petr-moravec.cz\/wp-content\/uploads\/2024\/01\/VYSTAVA-PETR-A-PAVEL-1087x1536.jpeg 1087w, https:\/\/petr-moravec.cz\/wp-content\/uploads\/2024\/01\/VYSTAVA-PETR-A-PAVEL-8x12.jpeg 8w, https:\/\/petr-moravec.cz\/wp-content\/uploads\/2024\/01\/VYSTAVA-PETR-A-PAVEL.jpeg 1132w\" sizes=\"auto, (max-width: 212px) 100vw, 212px\" \/><\/a><h3><a href=\"https:\/\/petr-moravec.cz\/de\/event\/kasperskehory\/\">BILDER \u2013 SPIEGELBILDER DER B\u00d6HMERWEG-SEELE<\/a><\/h3><p class=\"datum\">29. 1. 2024<\/p><p class=\"kategorie\"><a href=\"https:\/\/petr-moravec.cz\/de\/news\/exhibitions\/\" rel=\"tag\">Ausstellungen<\/a><\/p><p class=\"uvod\">EINLADUNG ZUR ER\u00d6FFNUNG UND AUSSTELLUNG Ich m\u00f6chte Sie alle zur Er\u00f6ffnung am 9. Februar ab 17:00 Uhr im St\u00e4dtischen Kulturzentrum einladen...<\/p><a class=\"cteni-dal\" href=\"https:\/\/petr-moravec.cz\/de\/event\/kasperskehory\/\">Mehr lesen<\/a><\/div><div class=\"blok\"><a href=\"https:\/\/petr-moravec.cz\/de\/event\/mini-vystava-v-masnych-kramech-2024\/\" class=\"obrazek\"><img loading=\"lazy\" decoding=\"async\" width=\"300\" height=\"200\" src=\"https:\/\/petr-moravec.cz\/wp-content\/uploads\/2024\/01\/DSC9117T-300x200.jpg\" class=\"attachment-medium size-medium wp-post-image\" alt=\"\" srcset=\"https:\/\/petr-moravec.cz\/wp-content\/uploads\/2024\/01\/DSC9117T-300x200.jpg 300w, https:\/\/petr-moravec.cz\/wp-content\/uploads\/2024\/01\/DSC9117T-768x512.jpg 768w, https:\/\/petr-moravec.cz\/wp-content\/uploads\/2024\/01\/DSC9117T-1536x1024.jpg 1536w, https:\/\/petr-moravec.cz\/wp-content\/uploads\/2024\/01\/DSC9117T-18x12.jpg 18w, https:\/\/petr-moravec.cz\/wp-content\/uploads\/2024\/01\/DSC9117T-1140x760.jpg 1140w, https:\/\/petr-moravec.cz\/wp-content\/uploads\/2024\/01\/DSC9117T.jpg 1920w\" sizes=\"auto, (max-width: 300px) 100vw, 300px\" \/><\/a><h3><a href=\"https:\/\/petr-moravec.cz\/de\/event\/mini-vystava-v-masnych-kramech-2024\/\">B\u00f6hmerwaldk\u00e4mme in Masn\u00e9 kr\u00e1my<\/a><\/h3><p class=\"datum\">3. 1. 2024<\/p><p class=\"kategorie\"><a href=\"https:\/\/petr-moravec.cz\/de\/news\/exhibitions\/\" rel=\"tag\">Ausstellungen<\/a><\/p><p class=\"uvod\">\u00a0Wintermorgen auf dem Vysok\u00fd h\u0159eben (1341 m) bei T\u0159\u00edstoli\u010dn\u00edk 4.12.2023<\/p><a class=\"cteni-dal\" href=\"https:\/\/petr-moravec.cz\/de\/event\/mini-vystava-v-masnych-kramech-2024\/\">Mehr lesen<\/a><\/div><\/div><div class=\"navigace\"><span aria-current=\"page\" class=\"page-numbers current\">1<\/span>\n<a class=\"page-numbers\" href=\"https:\/\/petr-moravec.cz\/de\/wp-json\/wp\/v2\/pages\/6946\/page\/2\/\">2<\/a>\n<a class=\"page-numbers\" href=\"https:\/\/petr-moravec.cz\/de\/wp-json\/wp\/v2\/pages\/6946\/page\/3\/\">3<\/a>\n<span class=\"page-numbers dots\">\u2026<\/span>\n<a class=\"page-numbers\" href=\"https:\/\/petr-moravec.cz\/de\/wp-json\/wp\/v2\/pages\/6946\/page\/6\/\">6<\/a>\n<a class=\"next page-numbers\" href=\"https:\/\/petr-moravec.cz\/de\/wp-json\/wp\/v2\/pages\/6946\/page\/2\/\">N\u00e4chste &quot;\u00bb<\/a><\/div>\n\n\n\n<div style=\"padding:10px; text-align:center; font-family:'Open Sans',sans-serif;\">\n\n    <div style=\"position: absolute; width: 1px; height: 1px; padding: 0; margin: -1px; overflow: hidden; clip: rect(0, 0, 0, 0); border: 0;\">\n        <h2>Ausstellungen und Publikationst\u00e4tigkeiten des Autors<\/h2>\n        <p>Pr\u00e4sentation k\u00fcnstlerischer Landschaftsfotografie und Darstellung nat\u00fcrlicher Szenen. \u00dcberblick \u00fcber meine Ausstellungen in Galerien und Kulturinstitutionen. Meine Arbeiten wurden in Zeitschriften und Zeitungen als Beispiele professioneller Landschaftsfotografie ver\u00f6ffentlicht. Aktueller Kalender mit Vernissagen und Autorenpr\u00e4sentationen. Dieser Abschnitt dokumentiert die wichtigsten Stationen meiner beruflichen Laufbahn.<\/p>\n        <ul>\n            <li>Ausstellungen gro\u00dfformatiger Fotografien der tschechischen Landschaft<\/li>\n            <li>Ver\u00f6ffentlichungen in Printmedien und Sonderberichte<\/li>\n            <li>\u00dcberblick \u00fcber Er\u00f6ffnungen und B\u00fcrgerversammlungen<\/li>\n        <\/ul>\n    <\/div>\n\n    <div style=\"font-size:10px; color:#888; text-transform:uppercase; letter-spacing:0.8px; font-weight:600; margin-bottom:6px;\">\n        Ausstellungen, Medien und Pr\u00e4sentationen\n    <\/div>\n\n    <div style=\"font-size:11px; color:#4c5947; font-weight:600;\">\n        Autorenprojekt \n        <a href=\"https:\/\/petr-moravec.cz\/de\/o-mne\/\" style=\"color:#ca9b52; text-decoration:none; text-transform:uppercase; letter-spacing:0.5px;\">\n            PETR MORAVEC\n        <\/a>\n    <\/div>\n\n<\/div>\n\n\n\n<p class=\"has-text-align-center has-small-font-size\" style=\"font-style:normal;font-weight:200\">2014-2026<\/p>\n\n\n<div class=\"wp-block-image\">\n<figure class=\"aligncenter size-full is-resized\"><a href=\"https:\/\/www.facebook.com\/photo.moravec\" target=\"_blank\" rel=\"noopener\"><img loading=\"lazy\" decoding=\"async\" width=\"561\" height=\"270\" src=\"https:\/\/petr-moravec.cz\/wp-content\/uploads\/2025\/05\/Moravec.png\" alt=\"o mn\u011b, fotograf Petr Moravec\" class=\"wp-image-6562\" style=\"width:180px;height:auto\" srcset=\"https:\/\/petr-moravec.cz\/wp-content\/uploads\/2025\/05\/Moravec.png 561w, https:\/\/petr-moravec.cz\/wp-content\/uploads\/2025\/05\/Moravec-300x144.png 300w, https:\/\/petr-moravec.cz\/wp-content\/uploads\/2025\/05\/Moravec-18x9.png 18w\" sizes=\"auto, (max-width: 561px) 100vw, 561px\" \/><\/a><\/figure>\n<\/div>","protected":false},"excerpt":{"rendered":"<p>Ud\u00e1losti a v\u00fdstavy Autorsk\u00e9 v\u00fdstavy a publika\u010dn\u00ed \u010dinnost Prezentace um\u011bleck\u00e9 fotografie krajiny a zachycen\u00ed p\u0159\u00edrodn\u00edch scen\u00e9ri\u00ed. P\u0159ehled m\u00fdch expozic v galeri\u00edch a kulturn\u00edch instituc\u00edch. Moje pr\u00e1ce byla publikov\u00e1na v \u010dasopisech a novin\u00e1ch jako uk\u00e1zka profesion\u00e1ln\u00ed krajin\u00e1\u0159sk\u00e9 tvorby. Aktu\u00e1ln\u00ed kalend\u00e1\u0159 vernis\u00e1\u017e\u00ed a autorsk\u00fdch prezentac\u00ed m\u00e9 tvorby. Tato sekce mapuje nejd\u016fle\u017eit\u011bj\u0161\u00ed ud\u00e1losti m\u00e9 profesn\u00ed dr\u00e1hy. V\u00fdstavy velkoform\u00e1tov\u00fdch sn\u00edmk\u016f \u010desk\u00e9 krajiny Publikace v ti\u0161t\u011bn\u00fdch m\u00e9di\u00edch a report\u00e1\u017en\u00edch speci\u00e1lech P\u0159ehled vernis\u00e1\u017e\u00ed a komunitn\u00edch setk\u00e1n\u00ed V\u00fdstavy, m\u00e9dia a prezentace Autorsk\u00fd projekt PETR MORAVEC 2014-2026<\/p>","protected":false},"author":1,"featured_media":3297,"parent":0,"menu_order":0,"comment_status":"closed","ping_status":"closed","template":"","meta":{"footnotes":""},"class_list":["post-6946","page","type-page","status-publish","has-post-thumbnail","hentry"],"acf":[],"_links":{"self":[{"href":"https:\/\/petr-moravec.cz\/de\/wp-json\/wp\/v2\/pages\/6946","targetHints":{"allow":["GET"]}}],"collection":[{"href":"https:\/\/petr-moravec.cz\/de\/wp-json\/wp\/v2\/pages"}],"about":[{"href":"https:\/\/petr-moravec.cz\/de\/wp-json\/wp\/v2\/types\/page"}],"author":[{"embeddable":true,"href":"https:\/\/petr-moravec.cz\/de\/wp-json\/wp\/v2\/users\/1"}],"replies":[{"embeddable":true,"href":"https:\/\/petr-moravec.cz\/de\/wp-json\/wp\/v2\/comments?post=6946"}],"version-history":[{"count":0,"href":"https:\/\/petr-moravec.cz\/de\/wp-json\/wp\/v2\/pages\/6946\/revisions"}],"wp:featuredmedia":[{"embeddable":true,"href":"https:\/\/petr-moravec.cz\/de\/wp-json\/wp\/v2\/media\/3297"}],"wp:attachment":[{"href":"https:\/\/petr-moravec.cz\/de\/wp-json\/wp\/v2\/media?parent=6946"}],"curies":[{"name":"wp","href":"https:\/\/api.w.org\/{rel}","templated":true}]}}